{"id":5848,"date":"2025-07-21T18:11:03","date_gmt":"2025-07-21T18:11:03","guid":{"rendered":"https:\/\/hertzmart.com\/product\/ct-063-converter-adapter-lighting-to-c\/"},"modified":"2026-04-04T09:09:00","modified_gmt":"2026-04-04T09:09:00","slug":"ct-063-converter-adapter-lighting-to-c","status":"publish","type":"product","link":"https:\/\/hertzmart.com\/ar\/product\/ct-063-converter-adapter-lighting-to-c\/","title":{"rendered":"CT-063 Converter Adapter Lighting to C"},"content":{"rendered":"<div id=\"product-fullbody\" class=\"col-12 col-lg-8 text-gray\">\n<div id=\"zdetail\">\n<div>\n<div>\n<div style=\"text-align: center\"><strong><span style=\"font-family: tahoma, arial, verdana, sans-serif\">Go-Des GD-CT063 Lightning to Type-C 120W \u015earj ve Ses Destekli D&ouml;n&uuml;\u015ft&uuml;r&uuml;c&uuml;<\/span><\/strong><\/div>\n<div style=\"text-align: center\"><strong><span style=\"font-family: tahoma, arial, verdana, sans-serif\">&nbsp;<\/span><\/strong><\/div>\n<div style=\"text-align: center\"><strong><span style=\"font-family: tahoma, arial, verdana, sans-serif\">&nbsp;<\/span><\/strong><\/div>\n<div style=\"text-align: center\"><strong><span style=\"font-family: tahoma, arial, verdana, sans-serif\">&nbsp;<\/span><\/strong><\/div>\n<div style=\"text-align: center\"><strong><span style=\"font-family: tahoma, arial, verdana, sans-serif\">Ofisten Tatile, H\u0131z ve G&uuml;venlik Yan\u0131n\u0131zda!<\/span><\/strong><\/div>\n<div style=\"text-align: center\"><strong><span style=\"font-family: tahoma, arial, verdana, sans-serif\">\u015earj derdine son! \u0130ster ofiste toplant\u0131 aras\u0131nda, isterse tatilin keyfini &ccedil;\u0131kart\u0131rken, Go-Des GD-CT063 ile cihazlar\u0131n\u0131z\u0131 h\u0131zl\u0131 ve g&uuml;venli bir \u015fekilde \u015farj edin ve veri aktar\u0131m\u0131 yap\u0131n.<\/span><\/strong><\/div>\n<div style=\"text-align: center\"><strong><span style=\"font-family: tahoma, arial, verdana, sans-serif\">&nbsp;<\/span><\/strong><\/div>\n<div style=\"text-align: center\"><strong><span style=\"font-family: tahoma, arial, verdana, sans-serif\">&nbsp;<\/span><\/strong><\/div>\n<div style=\"text-align: center\"><strong><span style=\"font-family: tahoma, arial, verdana, sans-serif\">&Ccedil;ok Y&ouml;nl&uuml; Kullan\u0131m:<\/span><\/strong><\/div>\n<div style=\"text-align: center\"><strong><span style=\"font-family: tahoma, arial, verdana, sans-serif\">&bull; Ofis Ortam\u0131: Sunum yaparken telefonunuzun \u015farj\u0131 m\u0131 bitti? Sadece \u015farj etmekle kalmay\u0131n, ayn\u0131 zamanda dosyalar\u0131n\u0131z\u0131 da h\u0131zl\u0131ca aktar\u0131n.<\/span><\/strong><\/div>\n<div style=\"text-align: center\"><strong><span style=\"font-family: tahoma, arial, verdana, sans-serif\">&nbsp;<\/span><\/strong><\/div>\n<div style=\"text-align: center\"><strong><span style=\"font-family: tahoma, arial, verdana, sans-serif\">&bull; Seyahatler: Havaalan\u0131nda, otelde ya da kafede; bu d&ouml;n&uuml;\u015ft&uuml;r&uuml;c&uuml; sizinle. Cebinize at\u0131n ve yolculu\u011funuz boyunca \u015farj derdi ya\u015famay\u0131n.<\/span><\/strong><\/div>\n<div style=\"text-align: center\"><strong><span style=\"font-family: tahoma, arial, verdana, sans-serif\">&nbsp;<\/span><\/strong><\/div>\n<div style=\"text-align: center\"><strong><span style=\"font-family: tahoma, arial, verdana, sans-serif\">&bull; Evde Kullan\u0131m: Film izlerken ya da evde &ccedil;al\u0131\u015f\u0131rken, cihaz\u0131n\u0131z\u0131 \u015farj edin ve ayn\u0131 zamanda veri transferi yap\u0131n.<\/span><\/strong><\/div>\n<div style=\"text-align: center\"><strong><span style=\"font-family: tahoma, arial, verdana, sans-serif\">&nbsp;<\/span><\/strong><\/div>\n<div style=\"text-align: center\"><strong><span style=\"font-family: tahoma, arial, verdana, sans-serif\">&bull; Sosyal Etkinlikler: Konserler, piknikler veya arkada\u015f toplant\u0131lar\u0131&#8230; Foto\u011fraflar\u0131n\u0131z\u0131 ve videolar\u0131n\u0131z\u0131 h\u0131zl\u0131ca aktar\u0131n ve cihaz\u0131n\u0131z\u0131 \u015farj edin.<\/span><\/strong><\/div>\n<div style=\"text-align: center\"><strong><span style=\"font-family: tahoma, arial, verdana, sans-serif\">&nbsp;<\/span><\/strong><\/div>\n<div style=\"text-align: center\"><strong><span style=\"font-family: tahoma, arial, verdana, sans-serif\">&nbsp;<\/span><\/strong><\/div>\n<div style=\"text-align: center\"><strong><span style=\"font-family: tahoma, arial, verdana, sans-serif\">Dayan\u0131kl\u0131 ve G&uuml;venli:<\/span><\/strong><\/div>\n<div style=\"text-align: center\"><strong><span style=\"font-family: tahoma, arial, verdana, sans-serif\">Al&uuml;minyum ala\u015f\u0131m malzeme, cihaz\u0131n\u0131za zarar gelmeyece\u011fi anlam\u0131na gelir. G&uuml;venli veri aktar\u0131m\u0131 sayesinde, &ouml;zel dosyalar\u0131n\u0131z koruma alt\u0131nda.<\/span><\/strong><\/div>\n<div style=\"text-align: center\"><strong><span style=\"font-family: tahoma, arial, verdana, sans-serif\">&nbsp;<\/span><\/strong><\/div>\n<div style=\"text-align: center\"><strong><span style=\"font-family: tahoma, arial, verdana, sans-serif\">K&uuml;&ccedil;&uuml;k ve Ta\u015f\u0131nabilir:<\/span><\/strong><\/div>\n<div style=\"text-align: center\"><strong><span style=\"font-family: tahoma, arial, verdana, sans-serif\">Tasar\u0131m\u0131 k&uuml;&ccedil;&uuml;k ve kompakt oldu\u011fu i&ccedil;in, GD-CT063&#8217;&uuml; cebinizde ya da &ccedil;antan\u0131zda kolayca ta\u015f\u0131yabilirsiniz. Bu sayede i\u015f seyahatlerinde, aile ziyaretlerinde veya g&uuml;nl&uuml;k ko\u015fu\u015fturmacada size e\u015flik eder.<\/span><\/strong><\/div>\n<div style=\"text-align: center\"><strong><span style=\"font-family: tahoma, arial, verdana, sans-serif\">&nbsp;<\/span><\/strong><\/div>\n<div style=\"text-align: center\"><strong><span style=\"font-family: tahoma, arial, verdana, sans-serif\">Teknik Detaylar:<\/span><\/strong><\/div>\n<div style=\"text-align: center\"><strong><span style=\"font-family: tahoma, arial, verdana, sans-serif\">120W h\u0131zl\u0131 \u015farj kapasitesi, telefonunuzu ve tabletinizi &ccedil;abucak \u015farj eder. 10&deg;C ile 30&deg;C aras\u0131ndaki ideal &ccedil;al\u0131\u015fma s\u0131cakl\u0131\u011f\u0131, cihaz\u0131n\u0131z\u0131n performans\u0131n\u0131 korur.<\/span><\/strong><\/div>\n<div style=\"text-align: center\"><strong><span style=\"font-family: tahoma, arial, verdana, sans-serif\">&nbsp;<\/span><\/strong><\/div>\n<div style=\"text-align: center\"><strong><span style=\"font-family: tahoma, arial, verdana, sans-serif\">Sonu&ccedil; Olarak:<\/span><\/strong><\/div>\n<div style=\"text-align: center\"><strong><span style=\"font-family: tahoma, arial, verdana, sans-serif\">Go-Des GD-CT063 Lightning to Type-C D&ouml;n&uuml;\u015ft&uuml;r&uuml;c&uuml;, sadece bir aksesuar de\u011fil, ayn\u0131 zamanda g&uuml;nl&uuml;k ya\u015fant\u0131n\u0131z\u0131 kolayla\u015ft\u0131ran bir ya\u015fam tarz\u0131 &uuml;r&uuml;n&uuml;d&uuml;r. \u015earj ol, aktar, devam et!<\/span><\/strong><\/div>\n<div style=\"text-align: center\">&nbsp;<\/div>\n<\/div>\n<\/div>\n<\/div>\n<p style=\"text-align: center\">&nbsp;<\/p>\n<div class=\"row\" style=\"text-align: center\">\n<div class=\"col-sm-4 p-3\"><strong><img data-recalc-dims=\"1\" loading=\"lazy\" decoding=\"async\" title=\"Go Des GD-CT063 Lightning to Type-C 120W \u015earj ve Ses Destekli D&ouml;n&uuml;\u015ft&uuml;r&uuml;c&uuml; - 1\" src=\"https:\/\/i0.wp.com\/zoreaksesuar.com\/go-des-gd-ct063-lightning-to-type-c-120w-sarj-ve-ses-destekli-donusturucu-kablo-ve-donusturuculer-go-des-303779-28-B.jpg?resize=450%2C450&#038;ssl=1\" alt=\"Go Des GD-CT063 Lightning to Type-C 120W \u015earj ve Ses Destekli D&ouml;n&uuml;\u015ft&uuml;r&uuml;c&uuml; - 1\" width=\"450\" height=\"450\" \/><\/strong><\/div>\n<div class=\"col-sm-4 p-3\"><strong><img data-recalc-dims=\"1\" loading=\"lazy\" decoding=\"async\" title=\"Go Des GD-CT063 Lightning to Type-C 120W \u015earj ve Ses Destekli D&ouml;n&uuml;\u015ft&uuml;r&uuml;c&uuml; - 2\" src=\"https:\/\/i0.wp.com\/zoreaksesuar.com\/go-des-gd-ct063-lightning-to-type-c-120w-sarj-ve-ses-destekli-donusturucu-kablo-ve-donusturuculer-go-des-303794-28-B.jpg?resize=450%2C450&#038;ssl=1\" alt=\"Go Des GD-CT063 Lightning to Type-C 120W \u015earj ve Ses Destekli D&ouml;n&uuml;\u015ft&uuml;r&uuml;c&uuml; - 2\" width=\"450\" height=\"450\" \/><\/strong><\/div>\n<div class=\"col-sm-4 p-3\"><strong><img data-recalc-dims=\"1\" loading=\"lazy\" decoding=\"async\" title=\"Go Des GD-CT063 Lightning to Type-C 120W \u015earj ve Ses Destekli D&ouml;n&uuml;\u015ft&uuml;r&uuml;c&uuml; - 3\" src=\"https:\/\/i0.wp.com\/zoreaksesuar.com\/go-des-gd-ct063-lightning-to-type-c-120w-sarj-ve-ses-destekli-donusturucu-kablo-ve-donusturuculer-go-des-303780-28-B.jpg?resize=450%2C450&#038;ssl=1\" alt=\"Go Des GD-CT063 Lightning to Type-C 120W \u015earj ve Ses Destekli D&ouml;n&uuml;\u015ft&uuml;r&uuml;c&uuml; - 3\" width=\"450\" height=\"450\" \/><\/strong><\/div>\n<div class=\"col-sm-4 p-3\"><strong><img data-recalc-dims=\"1\" loading=\"lazy\" decoding=\"async\" title=\"Go Des GD-CT063 Lightning to Type-C 120W \u015earj ve Ses Destekli D&ouml;n&uuml;\u015ft&uuml;r&uuml;c&uuml; - 4\" src=\"https:\/\/i0.wp.com\/zoreaksesuar.com\/go-des-gd-ct063-lightning-to-type-c-120w-sarj-ve-ses-destekli-donusturucu-kablo-ve-donusturuculer-go-des-303781-28-B.jpg?resize=450%2C450&#038;ssl=1\" alt=\"Go Des GD-CT063 Lightning to Type-C 120W \u015earj ve Ses Destekli D&ouml;n&uuml;\u015ft&uuml;r&uuml;c&uuml; - 4\" width=\"450\" height=\"450\" \/><\/strong><\/div>\n<div class=\"col-sm-4 p-3\"><strong><img data-recalc-dims=\"1\" loading=\"lazy\" decoding=\"async\" title=\"Go Des GD-CT063 Lightning to Type-C 120W \u015earj ve Ses Destekli D&ouml;n&uuml;\u015ft&uuml;r&uuml;c&uuml; - 5\" src=\"https:\/\/i0.wp.com\/zoreaksesuar.com\/go-des-gd-ct063-lightning-to-type-c-120w-sarj-ve-ses-destekli-donusturucu-kablo-ve-donusturuculer-go-des-303782-28-B.jpg?resize=450%2C450&#038;ssl=1\" alt=\"Go Des GD-CT063 Lightning to Type-C 120W \u015earj ve Ses Destekli D&ouml;n&uuml;\u015ft&uuml;r&uuml;c&uuml; - 5\" width=\"450\" height=\"450\" \/><\/strong><\/div>\n<\/div>\n<\/div>\n<div class=\"col-12 col-md-4 mb-1\">\n<div class=\"col-12 border border-bottom-0\">\n<div class=\"row align-items-center border-bottom\" style=\"text-align: center\">\n<div class=\"col-4 py-1 text-black\"><strong>TYPE<\/strong><\/div>\n<div class=\"col-8 py-1 text-gray\"><strong>Adapt&ouml;r<\/strong><\/div>\n<\/div>\n<div class=\"row align-items-center border-bottom\" style=\"text-align: center\">\n<div class=\"col-4 py-1 text-black\"><strong>MODEL<\/strong><\/div>\n<div class=\"col-8 py-1 text-gray\"><strong>&Ccedil;evirici<\/strong><\/div>\n<\/div>\n<div class=\"row align-items-center border-bottom\" style=\"text-align: center\">\n<div class=\"col-4 py-1 text-black\"><strong>USB<\/strong><\/div>\n<div class=\"col-8 py-1 text-gray\"><strong>1<\/strong><\/div>\n<\/div>\n<div class=\"row align-items-center border-bottom\">\n<div class=\"col-4 py-1 text-black\" style=\"text-align: center\"><strong>AMPER<\/strong><\/div>\n<\/div>\n<\/div>\n<\/div>","protected":false},"excerpt":{"rendered":"<p>Go-Des GD-CT063 Lightning to Type-C 120W \u015earj ve Ses Destekli D&ouml;n&uuml;\u015ft&uuml;r&uuml;c&uuml; &nbsp; &nbsp; &nbsp; Ofisten Tatile, H\u0131z ve G&uuml;venlik Yan\u0131n\u0131zda!<\/p>","protected":false},"featured_media":20118,"comment_status":"open","ping_status":"closed","template":"","meta":[],"product_brand":[],"product_cat":[93],"product_tag":[],"class_list":{"0":"post-5848","1":"product","2":"type-product","3":"status-publish","4":"has-post-thumbnail","6":"product_cat-adapter","8":"first","9":"instock","10":"shipping-taxable","11":"purchasable","12":"product-type-simple"},"yoast_head":"<!-- This site is optimized with the Yoast SEO plugin v26.9 - https:\/\/yoast.com\/product\/yoast-seo-wordpress\/ -->\n<title>CT-063 Converter Adapter Lighting to C - Hertz Technology<\/title>\n<meta name=\"robots\" content=\"index, follow, max-snippet:-1, max-image-preview:large, max-video-preview:-1\" \/>\n<link rel=\"canonical\" href=\"https:\/\/hertzmart.com\/ar\/product\/ct-063-converter-adapter-lighting-to-c\/\" \/>\n<meta property=\"og:locale\" content=\"ar_AR\" \/>\n<meta property=\"og:type\" content=\"article\" \/>\n<meta property=\"og:title\" content=\"CT-063 Converter Adapter Lighting to C - Hertz Technology\" \/>\n<meta property=\"og:description\" content=\"Go-Des GD-CT063 Lightning to Type-C 120W \u015earj ve Ses Destekli D&ouml;n&uuml;\u015ft&uuml;r&uuml;c&uuml; &nbsp; &nbsp; &nbsp; Ofisten Tatile, H\u0131z ve G&uuml;venlik Yan\u0131n\u0131zda!\" \/>\n<meta property=\"og:url\" content=\"https:\/\/hertzmart.com\/ar\/product\/ct-063-converter-adapter-lighting-to-c\/\" \/>\n<meta property=\"og:site_name\" content=\"Hertz Technology\" \/>\n<meta property=\"article:modified_time\" content=\"2026-04-04T09:09:00+00:00\" \/>\n<meta property=\"og:image\" content=\"https:\/\/i0.wp.com\/hertzmart.com\/wp-content\/uploads\/2025\/07\/1738333343_go-des-gd-ct063-lightning-to-type-c-120w-sarj-ve-ses-destekli-donusturucu-kablo-ve-donusturuculer-go-des-303794-28-O.jpg?fit=800%2C800&ssl=1\" \/>\n\t<meta property=\"og:image:width\" content=\"800\" \/>\n\t<meta property=\"og:image:height\" content=\"800\" \/>\n\t<meta property=\"og:image:type\" content=\"image\/jpeg\" \/>\n<meta name=\"twitter:card\" content=\"summary_large_image\" \/>\n<meta name=\"twitter:label1\" content=\"\u0648\u0642\u062a \u0627\u0644\u0642\u0631\u0627\u0621\u0629 \u0627\u0644\u0645\u064f\u0642\u062f\u0651\u0631\" \/>\n\t<meta name=\"twitter:data1\" content=\"\u062f\u0642\u064a\u0642\u062a\u0627\u0646\" \/>\n<script type=\"application\/ld+json\" class=\"yoast-schema-graph\">{\"@context\":\"https:\/\/schema.org\",\"@graph\":[{\"@type\":\"WebPage\",\"@id\":\"https:\/\/hertzmart.com\/product\/ct-063-converter-adapter-lighting-to-c\/\",\"url\":\"https:\/\/hertzmart.com\/product\/ct-063-converter-adapter-lighting-to-c\/\",\"name\":\"CT-063 Converter Adapter Lighting to C - Hertz Technology\",\"isPartOf\":{\"@id\":\"https:\/\/hertzmart.com\/#website\"},\"primaryImageOfPage\":{\"@id\":\"https:\/\/hertzmart.com\/product\/ct-063-converter-adapter-lighting-to-c\/#primaryimage\"},\"image\":{\"@id\":\"https:\/\/hertzmart.com\/product\/ct-063-converter-adapter-lighting-to-c\/#primaryimage\"},\"thumbnailUrl\":\"https:\/\/i0.wp.com\/hertzmart.com\/wp-content\/uploads\/2026\/04\/1738333343_go-des-gd-ct063-lightning-to-type-c-120w-sarj-ve-ses-destekli-donusturucu-kablo-ve-donusturuculer-go-des-303794-28-O.jpg?fit=800%2C800&ssl=1\",\"datePublished\":\"2025-07-21T18:11:03+00:00\",\"dateModified\":\"2026-04-04T09:09:00+00:00\",\"breadcrumb\":{\"@id\":\"https:\/\/hertzmart.com\/product\/ct-063-converter-adapter-lighting-to-c\/#breadcrumb\"},\"inLanguage\":\"ar\",\"potentialAction\":[{\"@type\":\"ReadAction\",\"target\":[\"https:\/\/hertzmart.com\/product\/ct-063-converter-adapter-lighting-to-c\/\"]}]},{\"@type\":\"ImageObject\",\"inLanguage\":\"ar\",\"@id\":\"https:\/\/hertzmart.com\/product\/ct-063-converter-adapter-lighting-to-c\/#primaryimage\",\"url\":\"https:\/\/i0.wp.com\/hertzmart.com\/wp-content\/uploads\/2026\/04\/1738333343_go-des-gd-ct063-lightning-to-type-c-120w-sarj-ve-ses-destekli-donusturucu-kablo-ve-donusturuculer-go-des-303794-28-O.jpg?fit=800%2C800&ssl=1\",\"contentUrl\":\"https:\/\/i0.wp.com\/hertzmart.com\/wp-content\/uploads\/2026\/04\/1738333343_go-des-gd-ct063-lightning-to-type-c-120w-sarj-ve-ses-destekli-donusturucu-kablo-ve-donusturuculer-go-des-303794-28-O.jpg?fit=800%2C800&ssl=1\",\"width\":800,\"height\":800},{\"@type\":\"BreadcrumbList\",\"@id\":\"https:\/\/hertzmart.com\/product\/ct-063-converter-adapter-lighting-to-c\/#breadcrumb\",\"itemListElement\":[{\"@type\":\"ListItem\",\"position\":1,\"name\":\"Home\",\"item\":\"https:\/\/hertzmart.com\/\"},{\"@type\":\"ListItem\",\"position\":2,\"name\":\"Shop\",\"item\":\"https:\/\/hertzmart.com\/shop\/\"},{\"@type\":\"ListItem\",\"position\":3,\"name\":\"CT-063 Converter Adapter Lighting to C\"}]},{\"@type\":\"WebSite\",\"@id\":\"https:\/\/hertzmart.com\/#website\",\"url\":\"https:\/\/hertzmart.com\/\",\"name\":\"Hertz Technology\",\"description\":\"\",\"publisher\":{\"@id\":\"https:\/\/hertzmart.com\/#organization\"},\"potentialAction\":[{\"@type\":\"SearchAction\",\"target\":{\"@type\":\"EntryPoint\",\"urlTemplate\":\"https:\/\/hertzmart.com\/?s={search_term_string}\"},\"query-input\":{\"@type\":\"PropertyValueSpecification\",\"valueRequired\":true,\"valueName\":\"search_term_string\"}}],\"inLanguage\":\"ar\"},{\"@type\":\"Organization\",\"@id\":\"https:\/\/hertzmart.com\/#organization\",\"name\":\"Hertz Technology\",\"url\":\"https:\/\/hertzmart.com\/\",\"logo\":{\"@type\":\"ImageObject\",\"inLanguage\":\"ar\",\"@id\":\"https:\/\/hertzmart.com\/#\/schema\/logo\/image\/\",\"url\":\"https:\/\/hertzmart.com\/wp-content\/uploads\/2025\/07\/site-logo.png\",\"contentUrl\":\"https:\/\/hertzmart.com\/wp-content\/uploads\/2025\/07\/site-logo.png\",\"width\":724,\"height\":374,\"caption\":\"Hertz Technology\"},\"image\":{\"@id\":\"https:\/\/hertzmart.com\/#\/schema\/logo\/image\/\"},\"sameAs\":[\"https:\/\/www.instagram.com\/hertz_sll\"]}]}<\/script>\n<!-- \/ Yoast SEO plugin. -->","yoast_head_json":{"title":"CT-063 Converter Adapter Lighting to C - Hertz Technology","robots":{"index":"index","follow":"follow","max-snippet":"max-snippet:-1","max-image-preview":"max-image-preview:large","max-video-preview":"max-video-preview:-1"},"canonical":"https:\/\/hertzmart.com\/ar\/product\/ct-063-converter-adapter-lighting-to-c\/","og_locale":"ar_AR","og_type":"article","og_title":"CT-063 Converter Adapter Lighting to C - Hertz Technology","og_description":"Go-Des GD-CT063 Lightning to Type-C 120W \u015earj ve Ses Destekli D&ouml;n&uuml;\u015ft&uuml;r&uuml;c&uuml; &nbsp; &nbsp; &nbsp; Ofisten Tatile, H\u0131z ve G&uuml;venlik Yan\u0131n\u0131zda!","og_url":"https:\/\/hertzmart.com\/ar\/product\/ct-063-converter-adapter-lighting-to-c\/","og_site_name":"Hertz Technology","article_modified_time":"2026-04-04T09:09:00+00:00","og_image":[{"width":800,"height":800,"url":"https:\/\/i0.wp.com\/hertzmart.com\/wp-content\/uploads\/2025\/07\/1738333343_go-des-gd-ct063-lightning-to-type-c-120w-sarj-ve-ses-destekli-donusturucu-kablo-ve-donusturuculer-go-des-303794-28-O.jpg?fit=800%2C800&ssl=1","type":"image\/jpeg"}],"twitter_card":"summary_large_image","twitter_misc":{"\u0648\u0642\u062a \u0627\u0644\u0642\u0631\u0627\u0621\u0629 \u0627\u0644\u0645\u064f\u0642\u062f\u0651\u0631":"\u062f\u0642\u064a\u0642\u062a\u0627\u0646"},"schema":{"@context":"https:\/\/schema.org","@graph":[{"@type":"WebPage","@id":"https:\/\/hertzmart.com\/product\/ct-063-converter-adapter-lighting-to-c\/","url":"https:\/\/hertzmart.com\/product\/ct-063-converter-adapter-lighting-to-c\/","name":"CT-063 Converter Adapter Lighting to C - Hertz Technology","isPartOf":{"@id":"https:\/\/hertzmart.com\/#website"},"primaryImageOfPage":{"@id":"https:\/\/hertzmart.com\/product\/ct-063-converter-adapter-lighting-to-c\/#primaryimage"},"image":{"@id":"https:\/\/hertzmart.com\/product\/ct-063-converter-adapter-lighting-to-c\/#primaryimage"},"thumbnailUrl":"https:\/\/i0.wp.com\/hertzmart.com\/wp-content\/uploads\/2026\/04\/1738333343_go-des-gd-ct063-lightning-to-type-c-120w-sarj-ve-ses-destekli-donusturucu-kablo-ve-donusturuculer-go-des-303794-28-O.jpg?fit=800%2C800&ssl=1","datePublished":"2025-07-21T18:11:03+00:00","dateModified":"2026-04-04T09:09:00+00:00","breadcrumb":{"@id":"https:\/\/hertzmart.com\/product\/ct-063-converter-adapter-lighting-to-c\/#breadcrumb"},"inLanguage":"ar","potentialAction":[{"@type":"ReadAction","target":["https:\/\/hertzmart.com\/product\/ct-063-converter-adapter-lighting-to-c\/"]}]},{"@type":"ImageObject","inLanguage":"ar","@id":"https:\/\/hertzmart.com\/product\/ct-063-converter-adapter-lighting-to-c\/#primaryimage","url":"https:\/\/i0.wp.com\/hertzmart.com\/wp-content\/uploads\/2026\/04\/1738333343_go-des-gd-ct063-lightning-to-type-c-120w-sarj-ve-ses-destekli-donusturucu-kablo-ve-donusturuculer-go-des-303794-28-O.jpg?fit=800%2C800&ssl=1","contentUrl":"https:\/\/i0.wp.com\/hertzmart.com\/wp-content\/uploads\/2026\/04\/1738333343_go-des-gd-ct063-lightning-to-type-c-120w-sarj-ve-ses-destekli-donusturucu-kablo-ve-donusturuculer-go-des-303794-28-O.jpg?fit=800%2C800&ssl=1","width":800,"height":800},{"@type":"BreadcrumbList","@id":"https:\/\/hertzmart.com\/product\/ct-063-converter-adapter-lighting-to-c\/#breadcrumb","itemListElement":[{"@type":"ListItem","position":1,"name":"Home","item":"https:\/\/hertzmart.com\/"},{"@type":"ListItem","position":2,"name":"Shop","item":"https:\/\/hertzmart.com\/shop\/"},{"@type":"ListItem","position":3,"name":"CT-063 Converter Adapter Lighting to C"}]},{"@type":"WebSite","@id":"https:\/\/hertzmart.com\/#website","url":"https:\/\/hertzmart.com\/","name":"Hertz Technology","description":"","publisher":{"@id":"https:\/\/hertzmart.com\/#organization"},"potentialAction":[{"@type":"SearchAction","target":{"@type":"EntryPoint","urlTemplate":"https:\/\/hertzmart.com\/?s={search_term_string}"},"query-input":{"@type":"PropertyValueSpecification","valueRequired":true,"valueName":"search_term_string"}}],"inLanguage":"ar"},{"@type":"Organization","@id":"https:\/\/hertzmart.com\/#organization","name":"Hertz Technology","url":"https:\/\/hertzmart.com\/","logo":{"@type":"ImageObject","inLanguage":"ar","@id":"https:\/\/hertzmart.com\/#\/schema\/logo\/image\/","url":"https:\/\/hertzmart.com\/wp-content\/uploads\/2025\/07\/site-logo.png","contentUrl":"https:\/\/hertzmart.com\/wp-content\/uploads\/2025\/07\/site-logo.png","width":724,"height":374,"caption":"Hertz Technology"},"image":{"@id":"https:\/\/hertzmart.com\/#\/schema\/logo\/image\/"},"sameAs":["https:\/\/www.instagram.com\/hertz_sll"]}]}},"jetpack_sharing_enabled":true,"_links":{"self":[{"href":"https:\/\/hertzmart.com\/ar\/wp-json\/wp\/v2\/product\/5848","targetHints":{"allow":["GET"]}}],"collection":[{"href":"https:\/\/hertzmart.com\/ar\/wp-json\/wp\/v2\/product"}],"about":[{"href":"https:\/\/hertzmart.com\/ar\/wp-json\/wp\/v2\/types\/product"}],"replies":[{"embeddable":true,"href":"https:\/\/hertzmart.com\/ar\/wp-json\/wp\/v2\/comments?post=5848"}],"version-history":[{"count":1,"href":"https:\/\/hertzmart.com\/ar\/wp-json\/wp\/v2\/product\/5848\/revisions"}],"predecessor-version":[{"id":7660,"href":"https:\/\/hertzmart.com\/ar\/wp-json\/wp\/v2\/product\/5848\/revisions\/7660"}],"wp:featuredmedia":[{"embeddable":true,"href":"https:\/\/hertzmart.com\/ar\/wp-json\/wp\/v2\/media\/20118"}],"wp:attachment":[{"href":"https:\/\/hertzmart.com\/ar\/wp-json\/wp\/v2\/media?parent=5848"}],"wp:term":[{"taxonomy":"product_brand","embeddable":true,"href":"https:\/\/hertzmart.com\/ar\/wp-json\/wp\/v2\/product_brand?post=5848"},{"taxonomy":"product_cat","embeddable":true,"href":"https:\/\/hertzmart.com\/ar\/wp-json\/wp\/v2\/product_cat?post=5848"},{"taxonomy":"product_tag","embeddable":true,"href":"https:\/\/hertzmart.com\/ar\/wp-json\/wp\/v2\/product_tag?post=5848"}],"curies":[{"name":"wp","href":"https:\/\/api.w.org\/{rel}","templated":true}]}}